{"id":992,"date":"2020-03-22T11:07:11","date_gmt":"2020-03-22T10:07:11","guid":{"rendered":"https:\/\/tcbouchain.fr\/?page_id=992"},"modified":"2026-03-17T10:08:04","modified_gmt":"2026-03-17T09:08:04","slug":"le-tennis","status":"publish","type":"page","link":"https:\/\/tcbouchain.fr\/?page_id=992","title":{"rendered":"Le Tennis"},"content":{"rendered":"<div class=\"wp-block-image\">\n<figure class=\"aligncenter size-large is-resized\"><img loading=\"lazy\" decoding=\"async\" width=\"1024\" height=\"683\" src=\"https:\/\/tcbouchain.fr\/wp-content\/uploads\/2020\/03\/1tcb116.jpg\" alt=\"\" class=\"wp-image-607\" style=\"width:493px;height:328px\" srcset=\"https:\/\/tcbouchain.fr\/wp-content\/uploads\/2020\/03\/1tcb116.jpg 1024w, https:\/\/tcbouchain.fr\/wp-content\/uploads\/2020\/03\/1tcb116-300x200.jpg 300w, https:\/\/tcbouchain.fr\/wp-content\/uploads\/2020\/03\/1tcb116-768x512.jpg 768w\" sizes=\"auto, (max-width: 1024px) 100vw, 1024px\" \/><\/figure><\/div>\n\n<p class=\"has-text-color has-background\" style=\"background-color: #375d81; color: #ffffff;\"><strong>Retrouvez ici l&rsquo;actualit\u00e9 sportive de notre Club :<\/strong><\/p>\n\n\n<p>Nous sommes bas\u00e9s a BOUCHAIN, dans le complexe sportif du Stade Lesoin (\u00e0 c\u00f4t\u00e9 de la Gendarmerie).<br>Notre Club a pour but de d\u00e9velopper le Tennis par le biais d&rsquo;une \u00e9cole de Tennis et continuer \u00e0 progresser avec nos sections f\u00e9minines et masculines, jeunes et adultes. Tout cela dans ambiance amicale et chaleureuse autour de notre magnifique Club-House !<\/p>\n\n\n\n<p><\/p>\n","protected":false},"excerpt":{"rendered":"<p>Retrouvez ici l&rsquo;actualit\u00e9 sportive de notre Club : Nous sommes bas\u00e9s a BOUCHAIN, dans le [&hellip;]<\/p>\n","protected":false},"author":2,"featured_media":0,"parent":0,"menu_order":0,"comment_status":"closed","ping_status":"closed","template":"","meta":{"passster_activate_protection":false,"passster_protect_child_pages":"","passster_protection_type":"password","passster_password":"","passster_activate_overwrite_defaults":"","passster_headline":"","passster_instruction":"","passster_placeholder":"","passster_button":"","passster_id":"","passster_activate_misc_settings":"","passster_redirect_url":"","passster_hide":"no","passster_area_shortcode":"","ngg_post_thumbnail":0,"footnotes":""},"class_list":["post-992","page","type-page","status-publish","hentry"],"_links":{"self":[{"href":"https:\/\/tcbouchain.fr\/index.php?rest_route=\/wp\/v2\/pages\/992","targetHints":{"allow":["GET"]}}],"collection":[{"href":"https:\/\/tcbouchain.fr\/index.php?rest_route=\/wp\/v2\/pages"}],"about":[{"href":"https:\/\/tcbouchain.fr\/index.php?rest_route=\/wp\/v2\/types\/page"}],"author":[{"embeddable":true,"href":"https:\/\/tcbouchain.fr\/index.php?rest_route=\/wp\/v2\/users\/2"}],"replies":[{"embeddable":true,"href":"https:\/\/tcbouchain.fr\/index.php?rest_route=%2Fwp%2Fv2%2Fcomments&post=992"}],"version-history":[{"count":8,"href":"https:\/\/tcbouchain.fr\/index.php?rest_route=\/wp\/v2\/pages\/992\/revisions"}],"predecessor-version":[{"id":1875,"href":"https:\/\/tcbouchain.fr\/index.php?rest_route=\/wp\/v2\/pages\/992\/revisions\/1875"}],"wp:attachment":[{"href":"https:\/\/tcbouchain.fr\/index.php?rest_route=%2Fwp%2Fv2%2Fmedia&parent=992"}],"curies":[{"name":"wp","href":"https:\/\/api.w.org\/{rel}","templated":true}]}}